{"id":1316,"date":"2021-04-08T20:06:52","date_gmt":"2021-04-08T18:06:52","guid":{"rendered":"https:\/\/dreamsville.co\/product\/dreamsville-fresh-bamboo-weighted-blanket-for-kids-4-5kg\/"},"modified":"2023-07-08T14:49:43","modified_gmt":"2023-07-08T12:49:43","slug":"laste-raskustekk-dreamsville-fresh","status":"publish","type":"product","link":"https:\/\/dreamsville.co\/et\/toode\/laste-raskustekk-dreamsville-fresh\/","title":{"rendered":"Laste raskustekk Fresh 4.5kg"},"content":{"rendered":"<h2 style=\"text-align: center;\">Kuidas laste raskustekk toimib?<\/h2>\n<p><a href=\"https:\/\/dreamsville.co\/et\/mis-on-raskustekk-ja-kuidas-seda-valida\/\">Raskustekk<\/a> l\u00f5\u00f5gastab, v\u00e4hendab \u00e4revust ja stressi ning aitab seel\u00e4bi kiiremini magama j\u00e4\u00e4da.<\/p>\n<p>Meie unekvaliteedil on tohutu m\u00f5ju sellele, millised me oleme \u00e4rgates ja kuidas oma igap\u00e4evases elus hakkama saame. Juba \u00fcks magamata \u00f6\u00f6 on meie kehale laastav ja tekitatud kahju on v\u00e4ga raske taastada.<\/p>\n<p>Raskusteki toimemehhanismiks on \u00f5rna surve avaldamine kehale, mis soodustab \u00f5nne ja rahulolu hormoonide melatoniini ja serotoniini tootmist, mis aitab teil kiiremini rahuneda ja magama j\u00e4\u00e4da.<\/p>\n<p>Soovitatav on kasutada raskustekki, mille kaal on ligikaudu 10% kasutaja kehakaalust. T\u00e4iskasvanutele m\u00f5eldud raskustekid kaaluvad tavaliselt umbes 7\u20139 kg. See mudel on 4.5kg, mis sobib h\u00e4sti kasutamiseks just lastele.<\/p>\n","protected":false},"excerpt":{"rendered":"<p><strong>Teki m\u00f5\u00f5t: 100&#215;150 cm<\/strong><\/p>\n<p data-sanitized-data-mce-fragment=\"1\">Raskusteki bambusviskoosist kangal on\u00a0Fresh antibakteriaalne t\u00f6\u00f6tlus,\u00a0mis\u00a0<span data-sanitized-data-mce-fragment=\"1\">hoiab \u00e4ra bakterite ja seente kasvu ning kaitseb tolmulestade leviku eest. Sobib suurep\u00e4raselt allergikutele.<\/span><\/p>\n<p data-sanitized-data-mce-fragment=\"1\">Fresh\u00a0tehnoloogial on\u00a0<span data-sanitized-data-mce-fragment=\"1\">Oeko-Tex\u00ae Eco sertifikaat. Tehnoloogia on<\/span>\u00a0testitud ning t\u00f6\u00f6tlus ei sisalda kahjulikke kemikaale, on nahas\u00f5bralik ega m\u00f5juta naha loomulikku mikrofloorat.<\/p>\n<div class=\"woocommerce-product-details__short-description\">\n<p><strong data-sanitized-data-mce-fragment=\"1\">Raskustekiga kingitusena<span data-sanitized-data-mce-fragment=\"1\">\u00a0<\/span>kaasa<span data-sanitized-data-mce-fragment=\"1\">\u00a0<\/span>tekikott\u00a0<\/strong>(pehme Minky kangas)<\/p>\n<\/div>\n","protected":false},"featured_media":1317,"comment_status":"open","ping_status":"closed","template":"","meta":{"footnotes":""},"product_brand":[],"product_cat":[162,103],"product_tag":[],"class_list":{"0":"post-1316","1":"product","2":"type-product","3":"status-publish","4":"has-post-thumbnail","6":"product_cat-tekid","7":"product_cat-raskustekid","9":"first","10":"outofstock","11":"taxable","12":"shipping-taxable","13":"purchasable","14":"product-type-simple"},"acf":[],"_links":{"self":[{"href":"https:\/\/dreamsville.co\/et\/wp-json\/wp\/v2\/product\/1316","targetHints":{"allow":["GET"]}}],"collection":[{"href":"https:\/\/dreamsville.co\/et\/wp-json\/wp\/v2\/product"}],"about":[{"href":"https:\/\/dreamsville.co\/et\/wp-json\/wp\/v2\/types\/product"}],"replies":[{"embeddable":true,"href":"https:\/\/dreamsville.co\/et\/wp-json\/wp\/v2\/comments?post=1316"}],"version-history":[{"count":5,"href":"https:\/\/dreamsville.co\/et\/wp-json\/wp\/v2\/product\/1316\/revisions"}],"predecessor-version":[{"id":3704,"href":"https:\/\/dreamsville.co\/et\/wp-json\/wp\/v2\/product\/1316\/revisions\/3704"}],"wp:featuredmedia":[{"embeddable":true,"href":"https:\/\/dreamsville.co\/et\/wp-json\/wp\/v2\/media\/1317"}],"wp:attachment":[{"href":"https:\/\/dreamsville.co\/et\/wp-json\/wp\/v2\/media?parent=1316"}],"wp:term":[{"taxonomy":"product_brand","embeddable":true,"href":"https:\/\/dreamsville.co\/et\/wp-json\/wp\/v2\/product_brand?post=1316"},{"taxonomy":"product_cat","embeddable":true,"href":"https:\/\/dreamsville.co\/et\/wp-json\/wp\/v2\/product_cat?post=1316"},{"taxonomy":"product_tag","embeddable":true,"href":"https:\/\/dreamsville.co\/et\/wp-json\/wp\/v2\/product_tag?post=1316"}],"curies":[{"name":"wp","href":"https:\/\/api.w.org\/{rel}","templated":true}]}}