{"id":1380,"date":"2021-04-10T10:29:52","date_gmt":"2021-04-10T08:29:52","guid":{"rendered":"https:\/\/dreamsville.co\/product\/the-might-of-serenity-tea\/"},"modified":"2022-09-04T05:00:14","modified_gmt":"2022-09-04T03:00:14","slug":"mahe-rahustav-tee","status":"publish","type":"product","link":"https:\/\/dreamsville.co\/et\/toode\/mahe-rahustav-tee\/","title":{"rendered":"Rahustav tee"},"content":{"rendered":"","protected":false},"excerpt":{"rendered":"<p data-renderer-start-pos=\"912\" data-sanitized-data-renderer-start-pos=\"912\" data-sanitized-data-mce-fragment=\"1\">Ammuta rahu v\u00e4ge Eestis kasvatatud moldaavia tondipea ehk t\u00fcrgi melissi teest. V\u00f5ta endale hetk, et nautida seda eriliselt aromaatset ning suve- ja sidrunih\u00f5ngulist jooki. Tee kosutab ja muudab tuju helgemaks.<\/p>\n<p data-renderer-start-pos=\"912\" data-sanitized-data-renderer-start-pos=\"912\" data-sanitized-data-mce-fragment=\"1\"><strong>Sobib h\u00e4sti \u00f5htuseks nautimiseks, toetab l\u00f5\u00f5gastumist ning tervislikku ja s\u00fcgavat und.<\/strong><\/p>\n<p data-renderer-start-pos=\"1256\" data-sanitized-data-renderer-start-pos=\"1256\" data-sanitized-data-mce-fragment=\"1\"><strong data-renderer-mark=\"true\" data-sanitized-data-renderer-mark=\"true\" data-sanitized-data-mce-fragment=\"1\">Koostisosad:<br \/>\n<\/strong>Mahe Moldaavia tondipea \u00f5ied 100%<\/p>\n<p data-renderer-start-pos=\"1215\" data-sanitized-data-renderer-start-pos=\"1215\" data-sanitized-data-mce-fragment=\"1\"><strong>Orgaaniliselt kasvatatud<\/strong><br \/>\n<strong>Kogus 25g<\/strong><\/p>\n","protected":false},"featured_media":1381,"comment_status":"open","ping_status":"closed","template":"","meta":{"footnotes":""},"product_brand":[],"product_cat":[108],"product_tag":[],"class_list":{"0":"post-1380","1":"product","2":"type-product","3":"status-publish","4":"has-post-thumbnail","6":"product_cat-rahustav-tee","8":"first","9":"instock","10":"taxable","11":"shipping-taxable","12":"purchasable","13":"product-type-simple"},"acf":[],"_links":{"self":[{"href":"https:\/\/dreamsville.co\/et\/wp-json\/wp\/v2\/product\/1380","targetHints":{"allow":["GET"]}}],"collection":[{"href":"https:\/\/dreamsville.co\/et\/wp-json\/wp\/v2\/product"}],"about":[{"href":"https:\/\/dreamsville.co\/et\/wp-json\/wp\/v2\/types\/product"}],"replies":[{"embeddable":true,"href":"https:\/\/dreamsville.co\/et\/wp-json\/wp\/v2\/comments?post=1380"}],"version-history":[{"count":0,"href":"https:\/\/dreamsville.co\/et\/wp-json\/wp\/v2\/product\/1380\/revisions"}],"wp:featuredmedia":[{"embeddable":true,"href":"https:\/\/dreamsville.co\/et\/wp-json\/wp\/v2\/media\/1381"}],"wp:attachment":[{"href":"https:\/\/dreamsville.co\/et\/wp-json\/wp\/v2\/media?parent=1380"}],"wp:term":[{"taxonomy":"product_brand","embeddable":true,"href":"https:\/\/dreamsville.co\/et\/wp-json\/wp\/v2\/product_brand?post=1380"},{"taxonomy":"product_cat","embeddable":true,"href":"https:\/\/dreamsville.co\/et\/wp-json\/wp\/v2\/product_cat?post=1380"},{"taxonomy":"product_tag","embeddable":true,"href":"https:\/\/dreamsville.co\/et\/wp-json\/wp\/v2\/product_tag?post=1380"}],"curies":[{"name":"wp","href":"https:\/\/api.w.org\/{rel}","templated":true}]}}