{"id":1383,"date":"2021-04-10T10:09:49","date_gmt":"2021-04-10T08:09:49","guid":{"rendered":"https:\/\/dreamsville.co\/product\/the-might-of-health-tea\/"},"modified":"2024-04-02T16:04:28","modified_gmt":"2024-04-02T14:04:28","slug":"mahe-tervise-tee","status":"publish","type":"product","link":"https:\/\/dreamsville.co\/et\/toode\/mahe-tervise-tee\/","title":{"rendered":"Tervise Tee"},"content":{"rendered":"","protected":false},"excerpt":{"rendered":"<p data-renderer-start-pos=\"1319\" data-sanitized-data-renderer-start-pos=\"1319\" data-sanitized-data-mce-fragment=\"1\">Hoiame kokku nagu kobaras kasvavad s\u00f5strad! Kui soovid, et su kallid oleksid terved ja \u00f5nnelikud, kingi neile musts\u00f5strateed. K\u00fclmkuivatatud musts\u00f5star sisaldab rohkelt C-vitamiini,\u00a0 t\u00f5stab looduslikult keha vastupanuv\u00f5imet ja on m\u00f5nusalt turgutava maitsega.<\/p>\n<p data-renderer-start-pos=\"1319\" data-sanitized-data-renderer-start-pos=\"1319\" data-sanitized-data-mce-fragment=\"1\"><strong>Piparm\u00fcnt aga aitab l\u00f5\u00f5gastuda ja s\u00e4ilitada tervislikku und.<\/strong><\/p>\n<p data-renderer-start-pos=\"1640\" data-sanitized-data-renderer-start-pos=\"1640\" data-sanitized-data-mce-fragment=\"1\">Marjasemaks maitseks lase t\u00f5mmata v\u00e4hem, tugevama piparm\u00fcndi maitse saamiseks veidi pikemalt.<\/p>\n<p data-renderer-start-pos=\"1778\" data-sanitized-data-renderer-start-pos=\"1778\" data-sanitized-data-mce-fragment=\"1\"><strong data-renderer-mark=\"true\" data-sanitized-data-renderer-mark=\"true\" data-sanitized-data-mce-fragment=\"1\">Koostisosad:<\/strong><br data-sanitized-data-mce-fragment=\"1\" \/>K\u00fclmkuivatatud musts\u00f5strad 65%<br data-sanitized-data-mce-fragment=\"1\" \/>Mahepiparm\u00fcndi lehed 35%<\/p>\n<p data-renderer-start-pos=\"1778\" data-sanitized-data-renderer-start-pos=\"1778\" data-sanitized-data-mce-fragment=\"1\"><strong>Orgaaniliselt kasvatatud<\/strong><br \/>\n<strong>Kogus 70g<\/strong><\/p>\n","protected":false},"featured_media":1384,"comment_status":"open","ping_status":"closed","template":"","meta":{"footnotes":""},"product_brand":[],"product_cat":[108],"product_tag":[],"class_list":{"0":"post-1383","1":"product","2":"type-product","3":"status-publish","4":"has-post-thumbnail","6":"product_cat-rahustav-tee","8":"first","9":"instock","10":"taxable","11":"shipping-taxable","12":"purchasable","13":"product-type-simple"},"acf":[],"_links":{"self":[{"href":"https:\/\/dreamsville.co\/et\/wp-json\/wp\/v2\/product\/1383","targetHints":{"allow":["GET"]}}],"collection":[{"href":"https:\/\/dreamsville.co\/et\/wp-json\/wp\/v2\/product"}],"about":[{"href":"https:\/\/dreamsville.co\/et\/wp-json\/wp\/v2\/types\/product"}],"replies":[{"embeddable":true,"href":"https:\/\/dreamsville.co\/et\/wp-json\/wp\/v2\/comments?post=1383"}],"version-history":[{"count":1,"href":"https:\/\/dreamsville.co\/et\/wp-json\/wp\/v2\/product\/1383\/revisions"}],"predecessor-version":[{"id":1398,"href":"https:\/\/dreamsville.co\/et\/wp-json\/wp\/v2\/product\/1383\/revisions\/1398"}],"wp:featuredmedia":[{"embeddable":true,"href":"https:\/\/dreamsville.co\/et\/wp-json\/wp\/v2\/media\/1384"}],"wp:attachment":[{"href":"https:\/\/dreamsville.co\/et\/wp-json\/wp\/v2\/media?parent=1383"}],"wp:term":[{"taxonomy":"product_brand","embeddable":true,"href":"https:\/\/dreamsville.co\/et\/wp-json\/wp\/v2\/product_brand?post=1383"},{"taxonomy":"product_cat","embeddable":true,"href":"https:\/\/dreamsville.co\/et\/wp-json\/wp\/v2\/product_cat?post=1383"},{"taxonomy":"product_tag","embeddable":true,"href":"https:\/\/dreamsville.co\/et\/wp-json\/wp\/v2\/product_tag?post=1383"}],"curies":[{"name":"wp","href":"https:\/\/api.w.org\/{rel}","templated":true}]}}