{"id":1448,"date":"2021-04-12T21:18:15","date_gmt":"2021-04-12T19:18:15","guid":{"rendered":"https:\/\/dreamsville.co\/product\/kids-dreamsville-t-shirt\/"},"modified":"2021-12-06T10:17:06","modified_gmt":"2021-12-06T08:17:06","slug":"laste-t-sark-orgaaniline-puuvill","status":"publish","type":"product","link":"https:\/\/dreamsville.co\/et\/toode\/laste-t-sark-orgaaniline-puuvill\/","title":{"rendered":"Laste orgaanilisest puuvillast Dreamsville t-s\u00e4rk"},"content":{"rendered":"","protected":false},"excerpt":{"rendered":"<p data-renderer-start-pos=\"1015\" data-sanitized-data-renderer-start-pos=\"1015\" data-sanitized-data-mce-fragment=\"1\">Dreamsville&#8217;i T-s\u00e4rk on nii m\u00f5nusalt pehme ja\u00a0mugav, et tahad seda kanda iga p\u00e4ev. Sobib ka \u00f6\u00f6s\u00e4rgiks.<\/p>\n<ul>\n<li data-renderer-start-pos=\"1102\" data-sanitized-data-renderer-start-pos=\"1102\" data-sanitized-data-mce-fragment=\"1\">100% orgaaniline puuvill<\/li>\n<li data-renderer-start-pos=\"1130\" data-sanitized-data-renderer-start-pos=\"1130\" data-sanitized-data-mce-fragment=\"1\">Kehasse t\u00f6\u00f6deldud l\u00f5ige<\/li>\n<li data-renderer-start-pos=\"1157\" data-sanitized-data-renderer-start-pos=\"1157\" data-sanitized-data-mce-fragment=\"1\">Nahas\u00f5bralik (Oeko-Tex Standard 100 sertifikaat)<\/li>\n<li data-renderer-start-pos=\"1210\" data-sanitized-data-renderer-start-pos=\"1210\" data-sanitized-data-mce-fragment=\"1\">OCS &#8211; Organic Cotton Standard sertifikaat<\/li>\n<\/ul>\n","protected":false},"featured_media":1449,"comment_status":"open","ping_status":"closed","template":"","meta":{"footnotes":""},"product_brand":[],"product_cat":[116],"product_tag":[],"class_list":{"0":"post-1448","1":"product","2":"type-product","3":"status-publish","4":"has-post-thumbnail","6":"product_cat-riided","8":"first","9":"instock","10":"taxable","11":"shipping-taxable","12":"purchasable","13":"product-type-variable"},"acf":[],"_links":{"self":[{"href":"https:\/\/dreamsville.co\/et\/wp-json\/wp\/v2\/product\/1448","targetHints":{"allow":["GET"]}}],"collection":[{"href":"https:\/\/dreamsville.co\/et\/wp-json\/wp\/v2\/product"}],"about":[{"href":"https:\/\/dreamsville.co\/et\/wp-json\/wp\/v2\/types\/product"}],"replies":[{"embeddable":true,"href":"https:\/\/dreamsville.co\/et\/wp-json\/wp\/v2\/comments?post=1448"}],"version-history":[{"count":1,"href":"https:\/\/dreamsville.co\/et\/wp-json\/wp\/v2\/product\/1448\/revisions"}],"predecessor-version":[{"id":2836,"href":"https:\/\/dreamsville.co\/et\/wp-json\/wp\/v2\/product\/1448\/revisions\/2836"}],"wp:featuredmedia":[{"embeddable":true,"href":"https:\/\/dreamsville.co\/et\/wp-json\/wp\/v2\/media\/1449"}],"wp:attachment":[{"href":"https:\/\/dreamsville.co\/et\/wp-json\/wp\/v2\/media?parent=1448"}],"wp:term":[{"taxonomy":"product_brand","embeddable":true,"href":"https:\/\/dreamsville.co\/et\/wp-json\/wp\/v2\/product_brand?post=1448"},{"taxonomy":"product_cat","embeddable":true,"href":"https:\/\/dreamsville.co\/et\/wp-json\/wp\/v2\/product_cat?post=1448"},{"taxonomy":"product_tag","embeddable":true,"href":"https:\/\/dreamsville.co\/et\/wp-json\/wp\/v2\/product_tag?post=1448"}],"curies":[{"name":"wp","href":"https:\/\/api.w.org\/{rel}","templated":true}]}}