{"id":1688,"date":"2021-04-23T15:31:36","date_gmt":"2021-04-23T13:31:36","guid":{"rendered":"https:\/\/dreamsville.co\/product\/ooloom-black-fox\/"},"modified":"2023-10-11T21:49:02","modified_gmt":"2023-10-11T19:49:02","slug":"ooloom-black-fox","status":"publish","type":"product","link":"https:\/\/dreamsville.co\/et\/toode\/ooloom-black-fox\/","title":{"rendered":"\u00d6\u00f6loom &#8211; Must rebane"},"content":{"rendered":"","protected":false},"excerpt":{"rendered":"<p>Keskmise elueaga inimene veedab magades ligi 200 000 tundi. Kokku \u00fcle 22 aasta. See on liiga suur osa elust, et magamist mitte t\u00f5siselt v\u00f5tta. \u00d6\u00f6loom on n\u00e4otekk, mis kasutab loomade \u00fcrgset j\u00f5udu, sest erinevalt inimesest pole \u00fchelgi loomal olnud kunagi probleemi unega.<\/p>\n<p>Must rebane on suur kaevamise ja pimeduse f\u00e4nn. Selliseks muudab Must rebane sageli ka oma magamiskeskkonna &#8211; ehitab patjadest ja tekkidest h\u00e4maraid kindluseid. Musta rebast pole p\u00e4evasel ajal tegelikult kunagi n\u00e4htud, seega on keeruline \u00f6elda, kas pimedas n\u00e4htav rebane on tavaline v\u00f5i must.<\/p>\n","protected":false},"featured_media":1666,"comment_status":"open","ping_status":"closed","template":"","meta":{"footnotes":""},"product_brand":[],"product_cat":[83],"product_tag":[],"class_list":{"0":"post-1688","1":"product","2":"type-product","3":"status-publish","4":"has-post-thumbnail","6":"product_cat-ooloom","8":"first","9":"outofstock","10":"taxable","11":"shipping-taxable","12":"purchasable","13":"product-type-simple"},"acf":[],"_links":{"self":[{"href":"https:\/\/dreamsville.co\/et\/wp-json\/wp\/v2\/product\/1688","targetHints":{"allow":["GET"]}}],"collection":[{"href":"https:\/\/dreamsville.co\/et\/wp-json\/wp\/v2\/product"}],"about":[{"href":"https:\/\/dreamsville.co\/et\/wp-json\/wp\/v2\/types\/product"}],"replies":[{"embeddable":true,"href":"https:\/\/dreamsville.co\/et\/wp-json\/wp\/v2\/comments?post=1688"}],"version-history":[{"count":1,"href":"https:\/\/dreamsville.co\/et\/wp-json\/wp\/v2\/product\/1688\/revisions"}],"predecessor-version":[{"id":1689,"href":"https:\/\/dreamsville.co\/et\/wp-json\/wp\/v2\/product\/1688\/revisions\/1689"}],"wp:featuredmedia":[{"embeddable":true,"href":"https:\/\/dreamsville.co\/et\/wp-json\/wp\/v2\/media\/1666"}],"wp:attachment":[{"href":"https:\/\/dreamsville.co\/et\/wp-json\/wp\/v2\/media?parent=1688"}],"wp:term":[{"taxonomy":"product_brand","embeddable":true,"href":"https:\/\/dreamsville.co\/et\/wp-json\/wp\/v2\/product_brand?post=1688"},{"taxonomy":"product_cat","embeddable":true,"href":"https:\/\/dreamsville.co\/et\/wp-json\/wp\/v2\/product_cat?post=1688"},{"taxonomy":"product_tag","embeddable":true,"href":"https:\/\/dreamsville.co\/et\/wp-json\/wp\/v2\/product_tag?post=1688"}],"curies":[{"name":"wp","href":"https:\/\/api.w.org\/{rel}","templated":true}]}}