{"id":1690,"date":"2021-04-23T15:29:06","date_gmt":"2021-04-23T13:29:06","guid":{"rendered":"https:\/\/dreamsville.co\/product\/ooloom-panda\/"},"modified":"2021-04-26T12:05:33","modified_gmt":"2021-04-26T10:05:33","slug":"ooloom-panda","status":"publish","type":"product","link":"https:\/\/dreamsville.co\/et\/toode\/ooloom-panda\/","title":{"rendered":"\u00d6\u00f6loom &#8211; Panda"},"content":{"rendered":"","protected":false},"excerpt":{"rendered":"<p>Keskmise elueaga inimene veedab magades ligi 200 000 tundi. Kokku \u00fcle 22 aasta. See on liiga suur osa elust, et magamist mitte t\u00f5siselt v\u00f5tta. \u00d6\u00f6loom on n\u00e4otekk, mis kasutab loomade \u00fcrgset j\u00f5udu, sest erinevalt inimesest pole \u00fchelgi loomal olnud kunagi probleemi unega.<\/p>\n<p>Panda on \u00fcks laisemaid olendeid maal. Ainus p\u00f5hjus, miks panda \u00fcldse kunagi p\u00fcsti t\u00f5useb, on selleks, et kohe uuesti magama minna. Panda lemmikuteks magamispoosideks on: selili pikutamine, k\u00fclgedel lamamine, k\u00f5huli unelemine, k\u00e4ppade sirutamine &#8211; peaasi, et saaks kinni p\u00fc\u00fcda v\u00f5imalikult palju m\u00f5nusaid unehetki.<\/p>\n","protected":false},"featured_media":1674,"comment_status":"open","ping_status":"closed","template":"","meta":{"footnotes":""},"product_brand":[],"product_cat":[83],"product_tag":[],"class_list":{"0":"post-1690","1":"product","2":"type-product","3":"status-publish","4":"has-post-thumbnail","6":"product_cat-ooloom","8":"first","9":"instock","10":"taxable","11":"shipping-taxable","12":"purchasable","13":"product-type-simple"},"acf":[],"_links":{"self":[{"href":"https:\/\/dreamsville.co\/et\/wp-json\/wp\/v2\/product\/1690","targetHints":{"allow":["GET"]}}],"collection":[{"href":"https:\/\/dreamsville.co\/et\/wp-json\/wp\/v2\/product"}],"about":[{"href":"https:\/\/dreamsville.co\/et\/wp-json\/wp\/v2\/types\/product"}],"replies":[{"embeddable":true,"href":"https:\/\/dreamsville.co\/et\/wp-json\/wp\/v2\/comments?post=1690"}],"version-history":[{"count":0,"href":"https:\/\/dreamsville.co\/et\/wp-json\/wp\/v2\/product\/1690\/revisions"}],"wp:featuredmedia":[{"embeddable":true,"href":"https:\/\/dreamsville.co\/et\/wp-json\/wp\/v2\/media\/1674"}],"wp:attachment":[{"href":"https:\/\/dreamsville.co\/et\/wp-json\/wp\/v2\/media?parent=1690"}],"wp:term":[{"taxonomy":"product_brand","embeddable":true,"href":"https:\/\/dreamsville.co\/et\/wp-json\/wp\/v2\/product_brand?post=1690"},{"taxonomy":"product_cat","embeddable":true,"href":"https:\/\/dreamsville.co\/et\/wp-json\/wp\/v2\/product_cat?post=1690"},{"taxonomy":"product_tag","embeddable":true,"href":"https:\/\/dreamsville.co\/et\/wp-json\/wp\/v2\/product_tag?post=1690"}],"curies":[{"name":"wp","href":"https:\/\/api.w.org\/{rel}","templated":true}]}}