{"id":1691,"date":"2021-04-23T15:25:58","date_gmt":"2021-04-23T13:25:58","guid":{"rendered":"https:\/\/dreamsville.co\/product\/ooloom-unicorn\/"},"modified":"2024-03-26T09:47:05","modified_gmt":"2024-03-26T07:47:05","slug":"ooloom-unicorn","status":"publish","type":"product","link":"https:\/\/dreamsville.co\/et\/toode\/ooloom-unicorn\/","title":{"rendered":"\u00d6\u00f6loom &#8211; \u00dckssarvik"},"content":{"rendered":"","protected":false},"excerpt":{"rendered":"<p>Keskmise elueaga inimene veedab magades ligi 200 000 tundi. Kokku \u00fcle 22 aasta. See on liiga suur osa elust, et magamist mitte t\u00f5siselt v\u00f5tta. \u00d6\u00f6loom on n\u00e4otekk, mis kasutab loomade \u00fcrgset j\u00f5udu, sest erinevalt inimesest pole \u00fchelgi loomal olnud kunagi probleemi unega.<\/p>\n<p>\u00dckssarvikud armastavad magamistoas k\u00f5ige pehmemaid materjale &#8211; bambustekkidest ja satiinlinadest &#8211; magusate vahukommideni.<\/p>\n","protected":false},"featured_media":1676,"comment_status":"open","ping_status":"closed","template":"","meta":{"footnotes":""},"product_brand":[],"product_cat":[83],"product_tag":[],"class_list":{"0":"post-1691","1":"product","2":"type-product","3":"status-publish","4":"has-post-thumbnail","6":"product_cat-ooloom","8":"first","9":"instock","10":"taxable","11":"shipping-taxable","12":"purchasable","13":"product-type-simple"},"acf":[],"_links":{"self":[{"href":"https:\/\/dreamsville.co\/et\/wp-json\/wp\/v2\/product\/1691","targetHints":{"allow":["GET"]}}],"collection":[{"href":"https:\/\/dreamsville.co\/et\/wp-json\/wp\/v2\/product"}],"about":[{"href":"https:\/\/dreamsville.co\/et\/wp-json\/wp\/v2\/types\/product"}],"replies":[{"embeddable":true,"href":"https:\/\/dreamsville.co\/et\/wp-json\/wp\/v2\/comments?post=1691"}],"version-history":[{"count":1,"href":"https:\/\/dreamsville.co\/et\/wp-json\/wp\/v2\/product\/1691\/revisions"}],"predecessor-version":[{"id":1696,"href":"https:\/\/dreamsville.co\/et\/wp-json\/wp\/v2\/product\/1691\/revisions\/1696"}],"wp:featuredmedia":[{"embeddable":true,"href":"https:\/\/dreamsville.co\/et\/wp-json\/wp\/v2\/media\/1676"}],"wp:attachment":[{"href":"https:\/\/dreamsville.co\/et\/wp-json\/wp\/v2\/media?parent=1691"}],"wp:term":[{"taxonomy":"product_brand","embeddable":true,"href":"https:\/\/dreamsville.co\/et\/wp-json\/wp\/v2\/product_brand?post=1691"},{"taxonomy":"product_cat","embeddable":true,"href":"https:\/\/dreamsville.co\/et\/wp-json\/wp\/v2\/product_cat?post=1691"},{"taxonomy":"product_tag","embeddable":true,"href":"https:\/\/dreamsville.co\/et\/wp-json\/wp\/v2\/product_tag?post=1691"}],"curies":[{"name":"wp","href":"https:\/\/api.w.org\/{rel}","templated":true}]}}