{"id":1692,"date":"2021-04-23T15:22:12","date_gmt":"2021-04-23T13:22:12","guid":{"rendered":"https:\/\/dreamsville.co\/product\/ooloom-bunny\/"},"modified":"2022-07-17T12:24:33","modified_gmt":"2022-07-17T10:24:33","slug":"ooloom-bunny","status":"publish","type":"product","link":"https:\/\/dreamsville.co\/et\/toode\/ooloom-bunny\/","title":{"rendered":"\u00d6\u00f6loom &#8211; J\u00e4nes"},"content":{"rendered":"","protected":false},"excerpt":{"rendered":"<p>Keskmise elueaga inimene veedab magades ligi 200 000 tundi. Kokku \u00fcle 22 aasta. See on liiga suur osa elust, et magamist mitte t\u00f5siselt v\u00f5tta. \u00d6\u00f6loom on n\u00e4otekk, mis kasutab loomade \u00fcrgset j\u00f5udu, sest erinevalt inimesest pole \u00fchelgi loomal olnud kunagi probleemi unega.<\/p>\n<p>J\u00e4neste harjumuste kohta v\u00f5ime nii m\u00f5ndagi arvata. Kuid mis k\u00f5ige t\u00e4htsam, nad armastavad tohutult voodeid. Nii uinumiseks kui ka meelelahutustegevuseks.<\/p>\n","protected":false},"featured_media":1668,"comment_status":"open","ping_status":"closed","template":"","meta":{"footnotes":""},"product_brand":[],"product_cat":[83],"product_tag":[],"class_list":{"0":"post-1692","1":"product","2":"type-product","3":"status-publish","4":"has-post-thumbnail","6":"product_cat-ooloom","8":"first","9":"instock","10":"taxable","11":"shipping-taxable","12":"purchasable","13":"product-type-simple"},"acf":[],"_links":{"self":[{"href":"https:\/\/dreamsville.co\/et\/wp-json\/wp\/v2\/product\/1692","targetHints":{"allow":["GET"]}}],"collection":[{"href":"https:\/\/dreamsville.co\/et\/wp-json\/wp\/v2\/product"}],"about":[{"href":"https:\/\/dreamsville.co\/et\/wp-json\/wp\/v2\/types\/product"}],"replies":[{"embeddable":true,"href":"https:\/\/dreamsville.co\/et\/wp-json\/wp\/v2\/comments?post=1692"}],"version-history":[{"count":0,"href":"https:\/\/dreamsville.co\/et\/wp-json\/wp\/v2\/product\/1692\/revisions"}],"wp:featuredmedia":[{"embeddable":true,"href":"https:\/\/dreamsville.co\/et\/wp-json\/wp\/v2\/media\/1668"}],"wp:attachment":[{"href":"https:\/\/dreamsville.co\/et\/wp-json\/wp\/v2\/media?parent=1692"}],"wp:term":[{"taxonomy":"product_brand","embeddable":true,"href":"https:\/\/dreamsville.co\/et\/wp-json\/wp\/v2\/product_brand?post=1692"},{"taxonomy":"product_cat","embeddable":true,"href":"https:\/\/dreamsville.co\/et\/wp-json\/wp\/v2\/product_cat?post=1692"},{"taxonomy":"product_tag","embeddable":true,"href":"https:\/\/dreamsville.co\/et\/wp-json\/wp\/v2\/product_tag?post=1692"}],"curies":[{"name":"wp","href":"https:\/\/api.w.org\/{rel}","templated":true}]}}