{"id":1693,"date":"2021-04-23T15:17:03","date_gmt":"2021-04-23T13:17:03","guid":{"rendered":"https:\/\/dreamsville.co\/product\/ooloom-great-tit\/"},"modified":"2021-04-26T12:10:37","modified_gmt":"2021-04-26T10:10:37","slug":"ooloom-great-tit","status":"publish","type":"product","link":"https:\/\/dreamsville.co\/et\/toode\/ooloom-great-tit\/","title":{"rendered":"\u00d6\u00f6loom &#8211; Tihane"},"content":{"rendered":"","protected":false},"excerpt":{"rendered":"<p>Keskmise elueaga inimene veedab magades ligi 200 000 tundi. Kokku \u00fcle 22 aasta. See on liiga suur osa elust, et magamist mitte t\u00f5siselt v\u00f5tta. \u00d6\u00f6loom on n\u00e4otekk, mis kasutab loomade \u00fcrgset j\u00f5udu, sest erinevalt inimesest pole \u00fchelgi loomal olnud kunagi probleemi unega.<\/p>\n<p>Tihase mitmek\u00fclgne magamisstrateegia h\u00f5lmab ohtralt kaisutamist ning sulgedel p\u00f5hinevat isolatsiooni. K\u00f5ik kehasoojuse hoidmise nimel.<\/p>\n","protected":false},"featured_media":1661,"comment_status":"open","ping_status":"closed","template":"","meta":{"footnotes":""},"product_brand":[],"product_cat":[83],"product_tag":[],"class_list":{"0":"post-1693","1":"product","2":"type-product","3":"status-publish","4":"has-post-thumbnail","6":"product_cat-ooloom","8":"first","9":"instock","10":"taxable","11":"shipping-taxable","12":"purchasable","13":"product-type-simple"},"acf":[],"_links":{"self":[{"href":"https:\/\/dreamsville.co\/et\/wp-json\/wp\/v2\/product\/1693","targetHints":{"allow":["GET"]}}],"collection":[{"href":"https:\/\/dreamsville.co\/et\/wp-json\/wp\/v2\/product"}],"about":[{"href":"https:\/\/dreamsville.co\/et\/wp-json\/wp\/v2\/types\/product"}],"replies":[{"embeddable":true,"href":"https:\/\/dreamsville.co\/et\/wp-json\/wp\/v2\/comments?post=1693"}],"version-history":[{"count":1,"href":"https:\/\/dreamsville.co\/et\/wp-json\/wp\/v2\/product\/1693\/revisions"}],"predecessor-version":[{"id":1695,"href":"https:\/\/dreamsville.co\/et\/wp-json\/wp\/v2\/product\/1693\/revisions\/1695"}],"wp:featuredmedia":[{"embeddable":true,"href":"https:\/\/dreamsville.co\/et\/wp-json\/wp\/v2\/media\/1661"}],"wp:attachment":[{"href":"https:\/\/dreamsville.co\/et\/wp-json\/wp\/v2\/media?parent=1693"}],"wp:term":[{"taxonomy":"product_brand","embeddable":true,"href":"https:\/\/dreamsville.co\/et\/wp-json\/wp\/v2\/product_brand?post=1693"},{"taxonomy":"product_cat","embeddable":true,"href":"https:\/\/dreamsville.co\/et\/wp-json\/wp\/v2\/product_cat?post=1693"},{"taxonomy":"product_tag","embeddable":true,"href":"https:\/\/dreamsville.co\/et\/wp-json\/wp\/v2\/product_tag?post=1693"}],"curies":[{"name":"wp","href":"https:\/\/api.w.org\/{rel}","templated":true}]}}