{"id":2247,"date":"2022-03-19T13:44:13","date_gmt":"2021-08-17T11:44:13","guid":{"rendered":"https:\/\/dreamsville.co\/product\/dreamsville-primaloft-bio-padjad\/"},"modified":"2026-03-30T15:55:40","modified_gmt":"2026-03-30T13:55:40","slug":"fresh-tencel-lyocell-satiinist-voodipesukomplekt","status":"publish","type":"product","link":"https:\/\/dreamsville.co\/et\/toode\/fresh-tencel-lyocell-satiinist-voodipesukomplekt\/","title":{"rendered":"Dreamsville\u2019i Fresh satiinist voodipesukomplekt"},"content":{"rendered":"<h3 style=\"text-align: center;\"><strong>Miks valida<\/strong><strong> Dreamsville\u2019i Fresh satiinist <\/strong><strong>voodipesu<\/strong><strong>?<\/strong><\/h3>\n<p style=\"text-align: center;\">Meie <a href=\"https:\/\/dreamsville.co\/et\/tootekategooria\/voodipesu\/\">voodipesu<\/a> on \u00fclimalt pehme ning v\u00f5imaldab mugavalt magada nii soojemates kui jahedamates oludes, kohandudes vastavalt kasutaja kehatemperatuurile.<\/p>\n<p style=\"text-align: center;\">TENCEL\u2122 Lyocell on looduslikult antibakteriaalne, \u00f5rn ja h\u00fcpoallergeenne, sobides ideaalselt ka tundliku nahaga inimestele.<\/p>\n<p style=\"text-align: center;\">TENCEL\u2122 Lyocell kiud p\u00e4rineb j\u00e4tkusuutlikult majandatud eukal\u00fcptipuidust ning suletud ahelaga tootmisprotsessi k\u00e4igus taaskasutatakse \u00fcle 99% kasutatavast veest ja kemikaalidest.<\/p>\n<p style=\"text-align: center;\">Dreamsville\u2019i TENCEL\u2122 Lyocell voodipesu on keskkonnas\u00f5bralik ning leebe sinu nahale ja tervisele.<\/p>\n","protected":false},"excerpt":{"rendered":"<p><strong>V\u00e4rskus ja puhtus kogu \u00f6\u00f6ks<\/strong><\/p>\n<p>Taimset p\u00e4ritolu TENCEL\u2122 Lyocell kangas on looduslikult antibakteriaalne ega vaja h\u00fcgieenilisuse tagamiseks nii sagedast pesemist kui n\u00e4iteks puuvillane voodipesu. Sobib ideaalselt ka tundliku ja \u00e4rritunud nahaga inimestele, aidates probleemi leevendada.<\/p>\n<p>Lisaks on meie Lyocell voodipesul Oeko-Tex\u00ae-i sertifikaat, mis t\u00f5endab, et tootmisprotsessi k\u00e4igus ei ole kasutatud kahjulikke kemikaale.<\/p>\n<p><strong>Voodipesukomplekt: <\/strong><\/p>\n<ul>\n<li>tekikott 150\u00d7210 cm + 1 padjap\u00fc\u00fcr 50&#215;60 cm<\/li>\n<li>tekikott 200&#215;220 cm + 2 padjap\u00fc\u00fcri 50&#215;60 cm<\/li>\n<\/ul>\n<p><strong>Kangas:<\/strong> 100% TENCEL\u2122 Lyocell satiin<\/p>\n<p><strong>Disainitud ja valmistatud Eestis<\/strong><\/p>\n","protected":false},"featured_media":3328,"comment_status":"open","ping_status":"closed","template":"","meta":{"footnotes":""},"product_brand":[],"product_cat":[168,177],"product_tag":[],"class_list":{"0":"post-2247","1":"product","2":"type-product","3":"status-publish","4":"has-post-thumbnail","6":"product_cat-komplektid","7":"product_cat-voodipesu","9":"first","10":"instock","11":"taxable","12":"shipping-taxable","13":"purchasable","14":"product-type-variable"},"acf":[],"_links":{"self":[{"href":"https:\/\/dreamsville.co\/et\/wp-json\/wp\/v2\/product\/2247","targetHints":{"allow":["GET"]}}],"collection":[{"href":"https:\/\/dreamsville.co\/et\/wp-json\/wp\/v2\/product"}],"about":[{"href":"https:\/\/dreamsville.co\/et\/wp-json\/wp\/v2\/types\/product"}],"replies":[{"embeddable":true,"href":"https:\/\/dreamsville.co\/et\/wp-json\/wp\/v2\/comments?post=2247"}],"version-history":[{"count":5,"href":"https:\/\/dreamsville.co\/et\/wp-json\/wp\/v2\/product\/2247\/revisions"}],"predecessor-version":[{"id":4483,"href":"https:\/\/dreamsville.co\/et\/wp-json\/wp\/v2\/product\/2247\/revisions\/4483"}],"wp:featuredmedia":[{"embeddable":true,"href":"https:\/\/dreamsville.co\/et\/wp-json\/wp\/v2\/media\/3328"}],"wp:attachment":[{"href":"https:\/\/dreamsville.co\/et\/wp-json\/wp\/v2\/media?parent=2247"}],"wp:term":[{"taxonomy":"product_brand","embeddable":true,"href":"https:\/\/dreamsville.co\/et\/wp-json\/wp\/v2\/product_brand?post=2247"},{"taxonomy":"product_cat","embeddable":true,"href":"https:\/\/dreamsville.co\/et\/wp-json\/wp\/v2\/product_cat?post=2247"},{"taxonomy":"product_tag","embeddable":true,"href":"https:\/\/dreamsville.co\/et\/wp-json\/wp\/v2\/product_tag?post=2247"}],"curies":[{"name":"wp","href":"https:\/\/api.w.org\/{rel}","templated":true}]}}