{"id":2628,"date":"2021-11-15T15:10:38","date_gmt":"2021-11-15T13:10:38","guid":{"rendered":"https:\/\/dreamsville.co\/?post_type=product&#038;p=2628"},"modified":"2026-04-15T16:33:47","modified_gmt":"2026-04-15T14:33:47","slug":"dreamsville-bio-nelja-aastaaja-tekk-140x210-cm","status":"publish","type":"product","link":"https:\/\/dreamsville.co\/et\/toode\/dreamsville-bio-nelja-aastaaja-tekk-140x210-cm\/","title":{"rendered":"Dreamsville Bio eriti luksuslik nelja aastaaja tekk 140&#215;210 cm"},"content":{"rendered":"<h2 style=\"text-align: center;\">See on nagu \u00f6\u00f6 viie t\u00e4rni hotellis<\/h2>\n<div style=\"text-align: left;\">\u00c4ra n\u00fc\u00fcd ehmata, kuid k\u00f5ik Dreamsville&#8217;i uuenduslikud PrimaLoft\u00ae Bio\u2122 tooted on disainitud Eestis ja valmistatud Saksamaal. Meie PrimaLoft\u00ae Bio \u2122 tekid ja padjad on toodetud Saksamaal k\u00f5rge kvaliteedistandardi j\u00e4rgi. Need pole mitte ainult uuenduslikud ja j\u00e4tkusuutlikud unetooted &#8211; need on ka vastupidavad!<\/div>\n<div>\n<div><\/div>\n<h3 style=\"text-align: center;\">See j\u00e4ljendab ideaalselt suleteki kerget ja kohevat tekstuuri<\/h3>\n<div style=\"text-align: center;\">kasutades PrimaLoft\u00ae Bio\u2122 revolutsioonilisi biolagunevaid* kiude.<\/div>\n<\/div>\n","protected":false},"excerpt":{"rendered":"<p>Parim sulevaba valik turul. Meie tekid on valmistatud \u00fcmbert\u00f6\u00f6deldud ja biolagunevatest materjalidest. Lisaks on need allergiavabad ning aitavad leevendada ka astmat.<\/p>\n<p>Teki suurus: 140&#215;210 cm (sobib 140&#215;200\/210 ja 150&#215;200\/210 cm tekikotiga)<\/p>\n<p>Kangas: 100% puuvillasatiin<br \/>\nSisu: 100% PrimaLoft\u00ae Bio\u2122 rPET<\/p>\n<p>Disainitud Eestis, valmistatud Saksamaal<\/p>\n","protected":false},"featured_media":2635,"comment_status":"open","ping_status":"closed","template":"","meta":{"footnotes":""},"product_brand":[],"product_cat":[163,162],"product_tag":[],"class_list":{"0":"post-2628","1":"product","2":"type-product","3":"status-publish","4":"has-post-thumbnail","6":"product_cat-bio-et","7":"product_cat-tekid","9":"first","10":"instock","11":"taxable","12":"shipping-taxable","13":"purchasable","14":"product-type-simple"},"acf":[],"_links":{"self":[{"href":"https:\/\/dreamsville.co\/et\/wp-json\/wp\/v2\/product\/2628","targetHints":{"allow":["GET"]}}],"collection":[{"href":"https:\/\/dreamsville.co\/et\/wp-json\/wp\/v2\/product"}],"about":[{"href":"https:\/\/dreamsville.co\/et\/wp-json\/wp\/v2\/types\/product"}],"replies":[{"embeddable":true,"href":"https:\/\/dreamsville.co\/et\/wp-json\/wp\/v2\/comments?post=2628"}],"version-history":[{"count":5,"href":"https:\/\/dreamsville.co\/et\/wp-json\/wp\/v2\/product\/2628\/revisions"}],"predecessor-version":[{"id":3284,"href":"https:\/\/dreamsville.co\/et\/wp-json\/wp\/v2\/product\/2628\/revisions\/3284"}],"wp:featuredmedia":[{"embeddable":true,"href":"https:\/\/dreamsville.co\/et\/wp-json\/wp\/v2\/media\/2635"}],"wp:attachment":[{"href":"https:\/\/dreamsville.co\/et\/wp-json\/wp\/v2\/media?parent=2628"}],"wp:term":[{"taxonomy":"product_brand","embeddable":true,"href":"https:\/\/dreamsville.co\/et\/wp-json\/wp\/v2\/product_brand?post=2628"},{"taxonomy":"product_cat","embeddable":true,"href":"https:\/\/dreamsville.co\/et\/wp-json\/wp\/v2\/product_cat?post=2628"},{"taxonomy":"product_tag","embeddable":true,"href":"https:\/\/dreamsville.co\/et\/wp-json\/wp\/v2\/product_tag?post=2628"}],"curies":[{"name":"wp","href":"https:\/\/api.w.org\/{rel}","templated":true}]}}