{"id":3350,"date":"2022-03-21T09:30:47","date_gmt":"2022-03-21T07:30:48","guid":{"rendered":"https:\/\/dreamsville.co\/?post_type=product&#038;p=3350"},"modified":"2024-03-23T18:00:45","modified_gmt":"2024-03-23T16:00:45","slug":"dreamsvillei-fresh-satiinist-voodipesukomplekt-raskustekile","status":"publish","type":"product","link":"https:\/\/dreamsville.co\/et\/toode\/dreamsvillei-fresh-satiinist-voodipesukomplekt-raskustekile\/","title":{"rendered":"Dreamsville\u2019i Fresh satiinist voodipesukomplekt raskustekile"},"content":{"rendered":"<h3 style=\"text-align: center;\"><strong>Miks valida<\/strong><strong> Dreamsville\u2019i Fresh <\/strong><strong>voodipesu<\/strong><strong>?<\/strong><\/h3>\n<p style=\"text-align: center;\">Meie <a href=\"https:\/\/dreamsville.co\/et\/tootekategooria\/voodipesu\/\">voodipesu<\/a> on \u00fclimalt pehme ning v\u00f5imaldab mugavalt magada nii soojemates kui jahedamates oludes, kohandudes vastavalt kasutaja kehatemperatuurile.<\/p>\n<p style=\"text-align: center;\">TENCEL\u2122 Lyocell on looduslikult antibakteriaalne, \u00f5rn ja h\u00fcpoallergeenne, sobides ideaalselt ka tundliku nahaga inimestele.<\/p>\n<p style=\"text-align: center;\">TENCEL\u2122 Lyocell kiud p\u00e4rineb j\u00e4tkusuutlikult majandatud eukal\u00fcptipuidust ning suletud ahelaga tootmisprotsessi k\u00e4igus taaskasutatakse \u00fcle 99% kasutatavast veest ja kemikaalidest.<\/p>\n<p style=\"text-align: center;\">Dreamsville\u2019i TENCEL\u2122 Lyocell voodipesu on keskkonnas\u00f5bralik ning leebe sinu nahale ja tervisele.<\/p>\n","protected":false},"excerpt":{"rendered":"<p><strong>Voodipesukomplekt raskustekile: <\/strong>tekikott 150\u00d7200 cm + 1 padjap\u00fc\u00fcr 50&#215;60 cm<\/p>\n<p><strong>V\u00e4rskus ja puhtus kogu \u00f6\u00f6ks<\/strong><\/p>\n<p>Taimset p\u00e4ritolu TENCEL\u2122 Lyocell kangas on looduslikult antibakteriaalne ega vaja h\u00fcgieenilisuse tagamiseks nii sagedast pesemist kui n\u00e4iteks puuvillane voodipesu. Sobib ideaalselt ka tundliku ja \u00e4rritunud nahaga inimestele, aidates probleemi leevendada.<\/p>\n<p>Lisaks on meie Lyocell voodipesul Oeko-Tex\u00ae-i sertifikaat, mis t\u00f5endab, et tootmisprotsessi k\u00e4igus ei ole kasutatud kahjulikke kemikaale.<\/p>\n<p><strong>Kaks tooni \u2013 kaks v\u00f5imalust<\/strong><\/p>\n<p><span data-preserver-spaces=\"true\">Vali hele- v\u00f5i tumehall pool \u2013 just nii nagu sul tuju on v\u00f5i magamistoa sisustusega sobib.<\/span><\/p>\n<p><strong>Kangas:<\/strong> 100% TENCEL\u2122 Lyocell satiin<\/p>\n<p><strong>Disainitud ja valmistatud Eestis<\/strong><\/p>\n","protected":false},"featured_media":3669,"comment_status":"open","ping_status":"closed","template":"","meta":{"footnotes":""},"product_brand":[],"product_cat":[168,177,103],"product_tag":[],"class_list":{"0":"post-3350","1":"product","2":"type-product","3":"status-publish","4":"has-post-thumbnail","6":"product_cat-komplektid","7":"product_cat-voodipesu","8":"product_cat-raskustekid","10":"first","11":"onbackorder","12":"taxable","13":"shipping-taxable","14":"purchasable","15":"product-type-simple"},"acf":[],"_links":{"self":[{"href":"https:\/\/dreamsville.co\/et\/wp-json\/wp\/v2\/product\/3350","targetHints":{"allow":["GET"]}}],"collection":[{"href":"https:\/\/dreamsville.co\/et\/wp-json\/wp\/v2\/product"}],"about":[{"href":"https:\/\/dreamsville.co\/et\/wp-json\/wp\/v2\/types\/product"}],"replies":[{"embeddable":true,"href":"https:\/\/dreamsville.co\/et\/wp-json\/wp\/v2\/comments?post=3350"}],"version-history":[{"count":5,"href":"https:\/\/dreamsville.co\/et\/wp-json\/wp\/v2\/product\/3350\/revisions"}],"predecessor-version":[{"id":3767,"href":"https:\/\/dreamsville.co\/et\/wp-json\/wp\/v2\/product\/3350\/revisions\/3767"}],"wp:featuredmedia":[{"embeddable":true,"href":"https:\/\/dreamsville.co\/et\/wp-json\/wp\/v2\/media\/3669"}],"wp:attachment":[{"href":"https:\/\/dreamsville.co\/et\/wp-json\/wp\/v2\/media?parent=3350"}],"wp:term":[{"taxonomy":"product_brand","embeddable":true,"href":"https:\/\/dreamsville.co\/et\/wp-json\/wp\/v2\/product_brand?post=3350"},{"taxonomy":"product_cat","embeddable":true,"href":"https:\/\/dreamsville.co\/et\/wp-json\/wp\/v2\/product_cat?post=3350"},{"taxonomy":"product_tag","embeddable":true,"href":"https:\/\/dreamsville.co\/et\/wp-json\/wp\/v2\/product_tag?post=3350"}],"curies":[{"name":"wp","href":"https:\/\/api.w.org\/{rel}","templated":true}]}}