{"id":3419,"date":"2022-04-11T17:08:02","date_gmt":"2022-04-11T15:08:03","guid":{"rendered":"https:\/\/dreamsville.co\/?post_type=product&#038;p=3419"},"modified":"2025-03-07T18:34:22","modified_gmt":"2025-03-07T16:34:22","slug":"allergiavaba-padi","status":"publish","type":"product","link":"https:\/\/dreamsville.co\/et\/toode\/allergiavaba-padi\/","title":{"rendered":"Allergiavaba padi BIO"},"content":{"rendered":"<h2 style=\"text-align: center;\">See on nagu \u00f6\u00f6 viie t\u00e4rni hotellis<\/h2>\n<div>\u00c4ra n\u00fc\u00fcd ehmata, kuid k\u00f5ik Dreamsville\u2019i uuenduslikud PrimaLoft\u00ae Bio\u2122 tooted on disainitud Eestis ja valmistatud Saksamaal. Meie PrimaLoft\u00ae Bio \u2122 <a href=\"https:\/\/dreamsville.co\/et\/tekid\/\">tekid<\/a> ja <a href=\"https:\/\/dreamsville.co\/et\/padjad\/\">padjad<\/a> on toodetud Saksamaal k\u00f5rge kvaliteedistandardi j\u00e4rgi. Need pole mitte ainult uuenduslikud ja j\u00e4tkusuutlikud unetooted \u2013 need on ka vastupidavad!<\/div>\n<div>\n<div><\/div>\n<h3 style=\"text-align: center;\">See j\u00e4ljendab ideaalselt sulepadja pehmust ja kohevat tekstuuri<\/h3>\n<div style=\"text-align: center;\">kasutades PrimaLoft\u00ae Bio\u2122 revolutsioonilisi biolagunevaid* kiude.<\/div>\n<\/div>\n","protected":false},"excerpt":{"rendered":"<p>Parim sulevaba valik turul. Meie padjad on valmistatud \u00fcmbert\u00f6\u00f6deldud ja biolagunevatest materjalidest. Lisaks on need allergiavabad ning aitavad leevendada ka astmat.<\/p>\n<p>Padja suurus: 50\u00d760 cm<\/p>\n<p>Kangas: 100% puuvill<br \/>\nSisu: 100% PrimaLoft\u00ae Bio\u2122 rPET<\/p>\n<p>Disainitud Eestis, valmistatud Saksamaal<\/p>\n","protected":false},"featured_media":3667,"comment_status":"open","ping_status":"closed","template":"","meta":{"footnotes":""},"product_brand":[],"product_cat":[163,177,156],"product_tag":[],"class_list":{"0":"post-3419","1":"product","2":"type-product","3":"status-publish","4":"has-post-thumbnail","6":"product_cat-bio-et","7":"product_cat-voodipesu","8":"product_cat-kvaliteetsed-padjad","10":"first","11":"outofstock","12":"taxable","13":"shipping-taxable","14":"purchasable","15":"product-type-simple"},"acf":[],"_links":{"self":[{"href":"https:\/\/dreamsville.co\/et\/wp-json\/wp\/v2\/product\/3419","targetHints":{"allow":["GET"]}}],"collection":[{"href":"https:\/\/dreamsville.co\/et\/wp-json\/wp\/v2\/product"}],"about":[{"href":"https:\/\/dreamsville.co\/et\/wp-json\/wp\/v2\/types\/product"}],"replies":[{"embeddable":true,"href":"https:\/\/dreamsville.co\/et\/wp-json\/wp\/v2\/comments?post=3419"}],"version-history":[{"count":4,"href":"https:\/\/dreamsville.co\/et\/wp-json\/wp\/v2\/product\/3419\/revisions"}],"predecessor-version":[{"id":3706,"href":"https:\/\/dreamsville.co\/et\/wp-json\/wp\/v2\/product\/3419\/revisions\/3706"}],"wp:featuredmedia":[{"embeddable":true,"href":"https:\/\/dreamsville.co\/et\/wp-json\/wp\/v2\/media\/3667"}],"wp:attachment":[{"href":"https:\/\/dreamsville.co\/et\/wp-json\/wp\/v2\/media?parent=3419"}],"wp:term":[{"taxonomy":"product_brand","embeddable":true,"href":"https:\/\/dreamsville.co\/et\/wp-json\/wp\/v2\/product_brand?post=3419"},{"taxonomy":"product_cat","embeddable":true,"href":"https:\/\/dreamsville.co\/et\/wp-json\/wp\/v2\/product_cat?post=3419"},{"taxonomy":"product_tag","embeddable":true,"href":"https:\/\/dreamsville.co\/et\/wp-json\/wp\/v2\/product_tag?post=3419"}],"curies":[{"name":"wp","href":"https:\/\/api.w.org\/{rel}","templated":true}]}}